	
	
	
	
{"id":12632,"date":"2025-01-09T07:15:09","date_gmt":"2025-01-09T06:15:09","guid":{"rendered":"https:\/\/www.grintoura.fr\/product\/le-petit-cerf-restaurant\/"},"modified":"2025-01-09T07:22:07","modified_gmt":"2025-01-09T06:22:07","slug":"le-petit-cerf-restaurant","status":"publish","type":"product","link":"https:\/\/www.grintoura.fr\/en\/product\/le-petit-cerf-restaurant\/","title":{"rendered":"Le Petit Cerf \u2013 Restaurant"},"content":{"rendered":"<p><strong>Hotel Le Petit Cerf &#8211; Mountain Lodge<\/strong><\/p>\n<p>Altitude : 1600m<\/p>\n<p>2 place du 4 septembre 1944, Chef Lieu, 05100 Cervi\u00e8res<\/p>\n<p>04.92.21.71.52<\/p>\n<p>&nbsp;<\/p>\n<p>Situ\u00e9 \u00e0 la fronti\u00e8re, entre le Brian\u00e7onnais et le Queyras, notre h\u00f4tel Le Petit Cerf \u00e0 Cervi\u00e8res offre un havre de paix sans nul autre pareil dans la vall\u00e9e. \u00c0 deux kilom\u00e8tres de l&rsquo;Italie par les p\u00e2turages, dans un cadre sauvage et pr\u00e9serv\u00e9, notre Mountain Lodge vous accueille \u00e9t\u00e9 comme hiver dans ce spot unique.<\/p>\n<p>Un passage furtif ou un s\u00e9jour de plusieurs jours combleront votre soif d&rsquo;authenticit\u00e9 et de chaleur humaine. Plusieurs formules s&rsquo;offrent \u00e0 vous : pension compl\u00e8te, demi-pension ou nuit seule. Venez donc pousser la porte de cette b\u00e2tisse et son si\u00e8cle d&rsquo;histoire, car c&rsquo;est l\u00e0 que l&rsquo;aventure commence.<\/p>\n<p>Charte \u00e9co-responsable de Mountain Riders.<\/p>\n<p>&nbsp;<\/p>","protected":false},"excerpt":{"rendered":"<p>Hotel Le Petit Cerf &#8211; Mountain Lodge Altitude : 1600m 2 place du 4 septembre 1944, Chef Lieu, 05100 Cervi\u00e8res 04.92.21.71.52 &nbsp; Situ\u00e9 \u00e0 la fronti\u00e8re, entre le Brian\u00e7onnais et le Queyras, notre h\u00f4tel Le Petit Cerf \u00e0 Cervi\u00e8res offre un havre de paix sans nul autre pareil dans la vall\u00e9e. \u00c0 deux kilom\u00e8tres de [&hellip;]<\/p>","protected":false},"featured_media":0,"template":"","meta":[],"product_cat":[21],"product_tag":[],"_links":{"self":[{"href":"https:\/\/www.grintoura.fr\/en\/wp-json\/wp\/v2\/product\/12632"}],"collection":[{"href":"https:\/\/www.grintoura.fr\/en\/wp-json\/wp\/v2\/product"}],"about":[{"href":"https:\/\/www.grintoura.fr\/en\/wp-json\/wp\/v2\/types\/product"}],"wp:attachment":[{"href":"https:\/\/www.grintoura.fr\/en\/wp-json\/wp\/v2\/media?parent=12632"}],"wp:term":[{"taxonomy":"product_cat","embeddable":true,"href":"https:\/\/www.grintoura.fr\/en\/wp-json\/wp\/v2\/product_cat?post=12632"},{"taxonomy":"product_tag","embeddable":true,"href":"https:\/\/www.grintoura.fr\/en\/wp-json\/wp\/v2\/product_tag?post=12632"}],"curies":[{"name":"wp","href":"https:\/\/api.w.org\/{rel}","templated":true}]}}