	
	
	
	
{"id":12589,"date":"2025-01-08T10:29:00","date_gmt":"2025-01-08T09:29:00","guid":{"rendered":"https:\/\/www.grintoura.fr\/product\/bapteme-en-traineau-a-chiens-lounoocks\/"},"modified":"2025-01-08T10:34:24","modified_gmt":"2025-01-08T09:34:24","slug":"bapteme-en-traineau-a-chiens-lounoocks","status":"publish","type":"product","link":"https:\/\/www.grintoura.fr\/en\/product\/bapteme-en-traineau-a-chiens-lounoocks\/","title":{"rendered":"Bapt\u00eame en tra\u00eeneau \u00e0 chiens \u2013 lounoock\u2019s"},"content":{"rendered":"<p>Embarquez pour une aventure inoubliable en compagnie d&rsquo;une meute de chiens nordiques entra\u00een\u00e9s. Install\u00e9 confortablement dans un tra\u00eeneau conduit par un musher exp\u00e9riment\u00e9, vous traverserez des paysages enneig\u00e9s \u00e0 couper le souffle.<\/p>\n<p>D\u00e9couvrez les diff\u00e9rentes races de chiens nordiques et leurs caract\u00e9ristiques, embarquez pour une exp\u00e9rience inoubliable \u00e0 bord d&rsquo;un tra\u00eeneau conduit par une meute de 8 \u00e0 12 chiens.<br \/>\nLaissez-vous transporter \u00e0 travers les magnifiques paysages enneig\u00e9s de la vall\u00e9e de N\u00e9vache, o\u00f9 chaque d\u00e9tour r\u00e9v\u00e8le un panorama unique et enchanteur.<br \/>\n\u00c0 l&rsquo;issue de la balade, prenez le temps de partager un moment privil\u00e9gi\u00e9 avec les chiens : caresses, \u00e9changes et une s\u00e9ance photo pour immortaliser ces instants de complicit\u00e9.\u00a0\u00bb<\/p>","protected":false},"excerpt":{"rendered":"<p>Embarquez pour une aventure inoubliable en compagnie d&rsquo;une meute de chiens nordiques entra\u00een\u00e9s. Install\u00e9 confortablement dans un tra\u00eeneau conduit par un musher exp\u00e9riment\u00e9, vous traverserez des paysages enneig\u00e9s \u00e0 couper le souffle. D\u00e9couvrez les diff\u00e9rentes races de chiens nordiques et leurs caract\u00e9ristiques, embarquez pour une exp\u00e9rience inoubliable \u00e0 bord d&rsquo;un tra\u00eeneau conduit par une meute [&hellip;]<\/p>","protected":false},"featured_media":0,"template":"","meta":[],"product_cat":[21],"product_tag":[],"_links":{"self":[{"href":"https:\/\/www.grintoura.fr\/en\/wp-json\/wp\/v2\/product\/12589"}],"collection":[{"href":"https:\/\/www.grintoura.fr\/en\/wp-json\/wp\/v2\/product"}],"about":[{"href":"https:\/\/www.grintoura.fr\/en\/wp-json\/wp\/v2\/types\/product"}],"wp:attachment":[{"href":"https:\/\/www.grintoura.fr\/en\/wp-json\/wp\/v2\/media?parent=12589"}],"wp:term":[{"taxonomy":"product_cat","embeddable":true,"href":"https:\/\/www.grintoura.fr\/en\/wp-json\/wp\/v2\/product_cat?post=12589"},{"taxonomy":"product_tag","embeddable":true,"href":"https:\/\/www.grintoura.fr\/en\/wp-json\/wp\/v2\/product_tag?post=12589"}],"curies":[{"name":"wp","href":"https:\/\/api.w.org\/{rel}","templated":true}]}}