	
	
	
	
{"id":11645,"date":"2024-09-22T22:43:33","date_gmt":"2024-09-22T20:43:33","guid":{"rendered":"https:\/\/www.grintoura.fr\/product\/tiny-house-la-cavalerie-au-milieu-des-chevaux\/"},"modified":"2024-09-30T15:56:47","modified_gmt":"2024-09-30T13:56:47","slug":"tiny-house-la-cavalerie-au-milieu-des-chevaux","status":"publish","type":"product","link":"https:\/\/www.grintoura.fr\/en\/product\/tiny-house-la-cavalerie-au-milieu-des-chevaux\/","title":{"rendered":"Tiny House La Cavalerie, au milieu des chevaux !"},"content":{"rendered":"<p>La Cavalerie<br \/>\n4 personnes<br \/>\n|<br \/>\n1x Lit Queen | 1 x Lit Double<br \/>\nToute derni\u00e8re Tiny House sortie de terre, la Cavalerie vous attend en plein c\u0153ur d&rsquo;un joli haras normand pour vous faire vivre une immersion inoubliable au milieu des chevaux !<\/p>\n<p>&nbsp;<\/p>\n<p>\u00c0 retrouver sur place : balade \u00e0 cheval \u00e0 travers champs, cours particuliers d&rsquo;\u00e9quitation, bapt\u00eames poney, petit-d\u00e9jeuners faits-maison ou encore vir\u00e9e au bord de la mer pour d\u00e9couvrir les magnifiques falaises d&rsquo;\u00c9tretat (\u00e0 20 minutes en voiture) !<\/p>\n<p>&nbsp;<\/p>\n<p>Une vraie bulle d&rsquo;oxyg\u00e8ne\u00a0\u00e0 seulement 2 heures de Paris.<\/p>\n<p>N&rsquo;oubliez pas d&rsquo;apporter une botte de carottes, vos nouveaux voisins vous r\u00e9serveront un accueil que vous n&rsquo;\u00eates pas pr\u00eats d&rsquo;oublier !<\/p>\n<p>&nbsp;<\/p>\n<p>Capacit\u00e9 : de 2 \u00e0 4 personnes<\/p>\n<p>&nbsp;<\/p>\n<p>Localisation : Annouville-Vilmesnil, Seine-Maritime, Normandie<\/p>","protected":false},"excerpt":{"rendered":"<p>La Cavalerie 4 personnes | 1x Lit Queen | 1 x Lit Double Toute derni\u00e8re Tiny House sortie de terre, la Cavalerie vous attend en plein c\u0153ur d&rsquo;un joli haras normand pour vous faire vivre une immersion inoubliable au milieu des chevaux ! &nbsp; \u00c0 retrouver sur place : balade \u00e0 cheval \u00e0 travers champs, [&hellip;]<\/p>","protected":false},"featured_media":0,"template":"","meta":[],"product_cat":[21],"product_tag":[],"_links":{"self":[{"href":"https:\/\/www.grintoura.fr\/en\/wp-json\/wp\/v2\/product\/11645"}],"collection":[{"href":"https:\/\/www.grintoura.fr\/en\/wp-json\/wp\/v2\/product"}],"about":[{"href":"https:\/\/www.grintoura.fr\/en\/wp-json\/wp\/v2\/types\/product"}],"wp:attachment":[{"href":"https:\/\/www.grintoura.fr\/en\/wp-json\/wp\/v2\/media?parent=11645"}],"wp:term":[{"taxonomy":"product_cat","embeddable":true,"href":"https:\/\/www.grintoura.fr\/en\/wp-json\/wp\/v2\/product_cat?post=11645"},{"taxonomy":"product_tag","embeddable":true,"href":"https:\/\/www.grintoura.fr\/en\/wp-json\/wp\/v2\/product_tag?post=11645"}],"curies":[{"name":"wp","href":"https:\/\/api.w.org\/{rel}","templated":true}]}}