	
	
	
	
{"id":11342,"date":"2024-09-01T21:44:08","date_gmt":"2024-09-01T19:44:08","guid":{"rendered":"https:\/\/www.grintoura.fr\/product\/le-paddock\/"},"modified":"2025-05-13T07:02:05","modified_gmt":"2025-05-13T05:02:05","slug":"le-paddock","status":"publish","type":"product","link":"https:\/\/www.grintoura.fr\/en\/product\/le-paddock\/","title":{"rendered":"Tiny House Le Paddock, proche de Paris !"},"content":{"rendered":"<p><strong>Le Paddock<\/strong><\/p>\n<p>Au coeur du charmant centre \u00e9questre de Chambly, retrouvez la Tiny House Le Paddock. Au milieu des chevaux, profitez de la vue \u00e0 couper le souffle pour vous ressourcer. D\u00e9paysement garanti !<\/p>\n<p>&nbsp;<\/p>\n<p>Capacit\u00e9 : de 2 \u00e0 4 personnes<\/p>\n<p>Localisation : Chambly, Oise, 30 minutes de Paris<\/p>\n<p>N&rsquo;oubliez pas d&rsquo;apporter une botte de carottes, vos voisins d&rsquo;un soir n&rsquo;en seront que plus heureux !!<\/p>\n<p>Balades \u00e0 cheval \u00e0 r\u00e9server en amont du s\u00e9jour et \u00e0 r\u00e9gler sur place aupr\u00e8s de votre h\u00f4te.<\/p>\n<p>&nbsp;<\/p>\n<p><strong>Equipements du g\u00eete<\/strong><\/p>\n<p>Un M\u00f6lkky<br \/>\nSavons et shampoings naturels<br \/>\nBouquins \/ Jeux de soci\u00e9t\u00e9<br \/>\nTout pour cuisiner<br \/>\nVos draps et serviettes<br \/>\nRadiateur \/ Ventilateur<\/p>\n<p>1 grand lit double de 160 en mezzanine<\/p>\n<p>1 canap\u00e9 convertible 2 personnes<\/p>\n<p>1 grand douche \u00e0 l&rsquo;italienne<\/p>\n<p>Toilettes s\u00e8ches \u00e9cologiques \u00e0 sciure de bois<\/p>\n<p>Une cuisine \u00e9quip\u00e9e avec de nombreux rangements<\/p>\n<p>\u00c9vier et plaques vitroc\u00e9ramiques<\/p>\n<p>Un jardin privatif donnant sur le pr\u00e9 des chevaux<\/p>\n<p>Transats et mobilier de jardin<\/p>\n<p>&nbsp;<\/p>","protected":false},"excerpt":{"rendered":"<p>Le Paddock Au coeur du charmant centre \u00e9questre de Chambly, retrouvez la Tiny House Le Paddock. Au milieu des chevaux, profitez de la vue \u00e0 couper le souffle pour vous ressourcer. D\u00e9paysement garanti ! &nbsp; Capacit\u00e9 : de 2 \u00e0 4 personnes Localisation : Chambly, Oise, 30 minutes de Paris N&rsquo;oubliez pas d&rsquo;apporter une botte [&hellip;]<\/p>","protected":false},"featured_media":0,"template":"","meta":[],"product_cat":[21],"product_tag":[],"_links":{"self":[{"href":"https:\/\/www.grintoura.fr\/en\/wp-json\/wp\/v2\/product\/11342"}],"collection":[{"href":"https:\/\/www.grintoura.fr\/en\/wp-json\/wp\/v2\/product"}],"about":[{"href":"https:\/\/www.grintoura.fr\/en\/wp-json\/wp\/v2\/types\/product"}],"wp:attachment":[{"href":"https:\/\/www.grintoura.fr\/en\/wp-json\/wp\/v2\/media?parent=11342"}],"wp:term":[{"taxonomy":"product_cat","embeddable":true,"href":"https:\/\/www.grintoura.fr\/en\/wp-json\/wp\/v2\/product_cat?post=11342"},{"taxonomy":"product_tag","embeddable":true,"href":"https:\/\/www.grintoura.fr\/en\/wp-json\/wp\/v2\/product_tag?post=11342"}],"curies":[{"name":"wp","href":"https:\/\/api.w.org\/{rel}","templated":true}]}}