	
	
	
	
{"id":11226,"date":"2024-08-26T21:36:32","date_gmt":"2024-08-26T19:36:32","guid":{"rendered":"https:\/\/www.grintoura.fr\/product\/les-hameaux-de-bocca-del-oro-mini-villa-vue-mer\/"},"modified":"2024-08-27T07:19:04","modified_gmt":"2024-08-27T05:19:04","slug":"les-hameaux-de-bocca-del-oro-mini-villa-vue-mer","status":"publish","type":"product","link":"https:\/\/www.grintoura.fr\/en\/product\/les-hameaux-de-bocca-del-oro-mini-villa-vue-mer\/","title":{"rendered":"Les hameaux de Bocca del Oro \u2013 Mini-villa vue mer"},"content":{"rendered":"<p>UNE R\u00c9SIDENCE SITU\u00c9E ENTRE PALOMBAGGIA ET SANTA GIULIA<\/p>\n<p>\u00c0 seulement 10 minutes de Porto-Vecchio, notre R\u00e9sidence vous propose une piscine ext\u00e9rieure, un court de tennis et un grand parc paysag\u00e9. Les plages se situent \u00e0 seulement quelques kilom\u00e8tres de l\u00e0 (Palombaggia et Santa Giulia).<\/p>\n<p>Toutes les villas disposent d\u2019un balcon ou d\u2019une terrasse, d\u2019un barbecue, d\u2019un coin salon dot\u00e9 d\u2019une t\u00e9l\u00e9vision \u00e0 \u00e9cran plat, cuisine \u00e9quip\u00e9e, etc.<br \/>\n\u00c0 proximit\u00e9, vous aurez acc\u00e8s \u00e0 toutes les commodit\u00e9s : supermarch\u00e9s, des restaurants, bar. Vous aurez aussi acc\u00e8s \u00e0 un large panel d\u2019activit\u00e9s telles que le jet ski, la location de paddle, kayak.<\/p>\n<p>L\u2019a\u00e9roport de Figari est id\u00e9alement situ\u00e9 \u00e0 25 km. Vous b\u00e9n\u00e9ficierez gratuitement d\u2019une connexion Wi-Fi dans les parties communes et d\u2019un parking gratuit et priv\u00e9.<\/p>\n<p>&nbsp;<\/p>\n<p>&nbsp;<\/p>\n<p>Ce logement paisible offre un s\u00e9jour d\u00e9tente pour toute la famille. Entre les plages de santa Giulia et Palombaggia<br \/>\nLe logement<br \/>\nMini villa , 2 pi\u00e8ces dont 1 chambre, un s\u00e9jour avec cuisine \u00e9quip\u00e9e et une terrasse d\u2019environ 20 m2 dans un parc joliment arbor\u00e9. Vue sur mer depuis le s\u00e9jour et la terrasse.<br \/>\nLa r\u00e9sidence est s\u00e9curis\u00e9e par un portail.<br \/>\nParking dans la r\u00e9sidence.<br \/>\nUn terrain de tennis et une piscine sont \u00e9galement disponibles.<\/p>","protected":false},"excerpt":{"rendered":"<p>UNE R\u00c9SIDENCE SITU\u00c9E ENTRE PALOMBAGGIA ET SANTA GIULIA \u00c0 seulement 10 minutes de Porto-Vecchio, notre R\u00e9sidence vous propose une piscine ext\u00e9rieure, un court de tennis et un grand parc paysag\u00e9. Les plages se situent \u00e0 seulement quelques kilom\u00e8tres de l\u00e0 (Palombaggia et Santa Giulia). Toutes les villas disposent d\u2019un balcon ou d\u2019une terrasse, d\u2019un barbecue, [&hellip;]<\/p>","protected":false},"featured_media":0,"template":"","meta":[],"product_cat":[21],"product_tag":[],"_links":{"self":[{"href":"https:\/\/www.grintoura.fr\/en\/wp-json\/wp\/v2\/product\/11226"}],"collection":[{"href":"https:\/\/www.grintoura.fr\/en\/wp-json\/wp\/v2\/product"}],"about":[{"href":"https:\/\/www.grintoura.fr\/en\/wp-json\/wp\/v2\/types\/product"}],"wp:attachment":[{"href":"https:\/\/www.grintoura.fr\/en\/wp-json\/wp\/v2\/media?parent=11226"}],"wp:term":[{"taxonomy":"product_cat","embeddable":true,"href":"https:\/\/www.grintoura.fr\/en\/wp-json\/wp\/v2\/product_cat?post=11226"},{"taxonomy":"product_tag","embeddable":true,"href":"https:\/\/www.grintoura.fr\/en\/wp-json\/wp\/v2\/product_tag?post=11226"}],"curies":[{"name":"wp","href":"https:\/\/api.w.org\/{rel}","templated":true}]}}