	
	
	
	
{"id":11113,"date":"2024-08-22T09:24:20","date_gmt":"2024-08-22T07:24:20","guid":{"rendered":"https:\/\/www.grintoura.fr\/product\/maison-dhotes-spa-pivoine-colibri\/"},"modified":"2025-08-09T16:33:42","modified_gmt":"2025-08-09T14:33:42","slug":"maison-dhotes-spa-pivoine-colibri","status":"publish","type":"product","link":"https:\/\/www.grintoura.fr\/en\/product\/maison-dhotes-spa-pivoine-colibri\/","title":{"rendered":"Maison d\u2019h\u00f4tes Spa Pivoine & Colibri"},"content":{"rendered":"<p>Bienvenue<br \/>\nChez nous, la verdure encadre la maison, la joie de vivre impr\u00e8gne chaque pi\u00e8ce, la conscience environnementale embellit chaque instant. Nous accueillons nos h\u00f4tes au sein d&rsquo;une maison traditionnelle chaleureuse, agr\u00e9ablement r\u00e9nov\u00e9e, labellis\u00e9e \u00ab Maison d&rsquo;h\u00f4tes Valeurs Parc \u00bb. A quelques tours de roue d&rsquo;une piste cyclable et en harmonie avec la nature environnante, venez appr\u00e9ciez ici un s\u00e9jour paisible, baign\u00e9 de l&rsquo;odeur des arbres du Parc Naturel R\u00e9gional des Vosges du Nord.<\/p>\n<p>Nos 4 chambres neuves et climatis\u00e9es feront le bonheur des visiteurs avec leur grand lit queen size, la TV, une douche \u00e0 l&rsquo;italienne et des toilettes s\u00e9par\u00e9s. Pour le confort de tous, nous avons s\u00e9lectionn\u00e9 des draps naturellement doux en gaze de coton et du linge de toilette en coton bio.<\/p>\n<p>Des petits d\u00e9jeuners gourmands, compos\u00e9s de produits bio et locaux de qualit\u00e9, vous seront servis. La table d&rsquo;h\u00f4tes vous est \u00e9galement propos\u00e9e sur r\u00e9servation : des plats tant\u00f4t traditionnels, tant\u00f4t l\u00e9gers et color\u00e9s, toujours savoureux et 100% faits maison !<\/p>\n<p>Dans les espaces partag\u00e9s, vous profiterez d&rsquo;un espace d\u00e9tente avec th\u00e9\/caf\u00e9, d&rsquo;un sauna et d&rsquo;une terrasse avec jacuzzi. Des massages ainsi que des s\u00e9ances de Qi gong pourront \u00eatre programm\u00e9s lors de votre s\u00e9jour.<\/p>\n<p>Respectueux de la nature et de l&rsquo;environnement, chez \u00ab\u00a0Pivoine &amp; Colibri\u00a0\u00bb, nous faisons notre part en limitant au maximum notre impact (consommation, d\u00e9chets, nuisances).<\/p>\n<p>Cette harmonie, ch\u00e8re \u00e0 notre coeur, constitue l&rsquo;essence de notre Maison d&rsquo;H\u00f4tes et de l&rsquo;accueil que nous vous r\u00e9servons. Nous vous souhaitons un agr\u00e9able s\u00e9jour.<br \/>\nFanny Bontemps,<br \/>\n\u00ab\u00a0Pivoine &amp; Colibri\u00a0\u00bb, Maison d&rsquo;h\u00f4tes SPA \u00e0 DOMFESSEL<\/p>","protected":false},"excerpt":{"rendered":"<p>Bienvenue Chez nous, la verdure encadre la maison, la joie de vivre impr\u00e8gne chaque pi\u00e8ce, la conscience environnementale embellit chaque instant. Nous accueillons nos h\u00f4tes au sein d&rsquo;une maison traditionnelle chaleureuse, agr\u00e9ablement r\u00e9nov\u00e9e, labellis\u00e9e \u00ab Maison d&rsquo;h\u00f4tes Valeurs Parc \u00bb. A quelques tours de roue d&rsquo;une piste cyclable et en harmonie avec la nature environnante, [&hellip;]<\/p>","protected":false},"featured_media":0,"template":"","meta":[],"product_cat":[21],"product_tag":[],"_links":{"self":[{"href":"https:\/\/www.grintoura.fr\/en\/wp-json\/wp\/v2\/product\/11113"}],"collection":[{"href":"https:\/\/www.grintoura.fr\/en\/wp-json\/wp\/v2\/product"}],"about":[{"href":"https:\/\/www.grintoura.fr\/en\/wp-json\/wp\/v2\/types\/product"}],"wp:attachment":[{"href":"https:\/\/www.grintoura.fr\/en\/wp-json\/wp\/v2\/media?parent=11113"}],"wp:term":[{"taxonomy":"product_cat","embeddable":true,"href":"https:\/\/www.grintoura.fr\/en\/wp-json\/wp\/v2\/product_cat?post=11113"},{"taxonomy":"product_tag","embeddable":true,"href":"https:\/\/www.grintoura.fr\/en\/wp-json\/wp\/v2\/product_tag?post=11113"}],"curies":[{"name":"wp","href":"https:\/\/api.w.org\/{rel}","templated":true}]}}