	
	
	
	
{"id":10954,"date":"2024-08-16T09:23:03","date_gmt":"2024-08-16T07:23:03","guid":{"rendered":"https:\/\/www.grintoura.fr\/product\/eperon-du-kochersberg\/"},"modified":"2024-08-16T09:24:28","modified_gmt":"2024-08-16T07:24:28","slug":"eperon-du-kochersberg","status":"publish","type":"product","link":"https:\/\/www.grintoura.fr\/en\/product\/eperon-du-kochersberg\/","title":{"rendered":"Eperon du Kochersberg"},"content":{"rendered":"<p><strong>Centre \u00e9questre de l&rsquo;Eperon du Kochersberg \u00e0 Truchtersheim<\/strong><\/p>\n<p>L\u2019Eperon du Kochersberg, \u00e0 15 min \u00e0 l\u2019Ouest de Strasbourg, offre un cadre id\u00e9al pour pratiquer l\u2019\u00e9quitation par tous temps. Notre \u00e9quipe de professionnels qualifi\u00e9s saura vous accompagner quel que soit votre niveau. Les cours collectifs ou individuels sont ouverts \u00e0 tous : des enfants \u00e0 partir de 3 ans jusqu\u2019aux adultes, des d\u00e9butants aux confirm\u00e9s. Le loisir ou la comp\u00e9tition sont enseign\u00e9es dans le respect du cheval et de son bien-\u00eatre. Nous souhaitons rester \u00e0 taille humaine pour accueillir cavaliers de club et propri\u00e9taires dans une ambiance conviviale et familiale !<\/p>\n<p>Nous sommes labellis\u00e9s \u00abEcole Fran\u00e7aise d\u2019Equitation\u00bb, \u00abPoney club de France\u00bb et \u00abBien-\u00eatre animal\u00bb<\/p>\n<p>&nbsp;<\/p>\n<p><strong>Les infrastructures<\/strong><\/p>\n<p>Poneys, chevaux et cavaliers \u00e9voluent au sein d\u2019infrastructures de qualit\u00e9 \u00e9quip\u00e9es de mat\u00e9riel sportif et p\u00e9dagogique :<\/p>\n<p>une carri\u00e8re \u00e9clair\u00e9e de 50m x 22m fibr\u00e9e<br \/>\nune carri\u00e8re \u00e9clair\u00e9e de 90m x 40m sub-irrigu\u00e9e avec du sable fibr\u00e9 EquiPlus.<br \/>\nun man\u00e8ge fibr\u00e9 de 40m x 20m<br \/>\nun man\u00e8ge fibr\u00e9 de 77m x 32m<br \/>\nun rond de longe de 18m<br \/>\nun club house<br \/>\nune douche, solarium<br \/>\nune sellerie propri\u00e9taire et une sellerie \u00e9cole<br \/>\nun camion 11 places<br \/>\ndes paddocks<\/p>\n<p><em>Soucieux de l\u2019environnement et pr\u00e9curseur en mati\u00e8re de d\u00e9veloppement durable<\/em> en Alsace, l\u2019Eperon du Kochersberg a \u00e0 c\u0153ur de proposer chaque ann\u00e9e des am\u00e9liorations qui vont dans ce sens : \u00e9clairage LED, carri\u00e8re irrigu\u00e9e par le sol, panneaux photovolta\u00efques, fumier valoris\u00e9 en cycle court aupr\u00e8s des agriculteurs locaux, plantations de 150 pieds d\u2019arbres et arbustes, etc.<\/p>\n<p>&nbsp;<\/p>\n<p><strong>Nos disciplines<\/strong><\/p>\n<p>L\u2019Eperon du Kochersberg propose un \u00e9ventail d\u2019activit\u00e9s qui permet de pratiquer l\u2019\u00e9quitation dans le respect du bien-\u00eatre du cheval et du poney : enseignements, passages des galops f\u00e9d\u00e9raux, stages \u00e0 th\u00e8mes, travail \u00e0 pied, \u00e9thologie, accueil des \u00e9coles, balades et randonn\u00e9es, comp\u00e9titions, C.S.O, dressage, loisir.<br \/>\nRue de la carri\u00e8re, 67370 Truchtersheim<br \/>\n03.88.69.70.57 \/ 07.69.68.08.17<\/p>\n<p>contact.eperon@free.fr<\/p>\n<p>FB \u00a0 @eperon67<\/p>\n<p>Instagram \u00a0@eperon.du.kochersberg<\/p>","protected":false},"excerpt":{"rendered":"<p>Centre \u00e9questre de l&rsquo;Eperon du Kochersberg \u00e0 Truchtersheim L\u2019Eperon du Kochersberg, \u00e0 15 min \u00e0 l\u2019Ouest de Strasbourg, offre un cadre id\u00e9al pour pratiquer l\u2019\u00e9quitation par tous temps. Notre \u00e9quipe de professionnels qualifi\u00e9s saura vous accompagner quel que soit votre niveau. Les cours collectifs ou individuels sont ouverts \u00e0 tous : des enfants \u00e0 partir [&hellip;]<\/p>","protected":false},"featured_media":0,"template":"","meta":[],"product_cat":[21],"product_tag":[],"_links":{"self":[{"href":"https:\/\/www.grintoura.fr\/en\/wp-json\/wp\/v2\/product\/10954"}],"collection":[{"href":"https:\/\/www.grintoura.fr\/en\/wp-json\/wp\/v2\/product"}],"about":[{"href":"https:\/\/www.grintoura.fr\/en\/wp-json\/wp\/v2\/types\/product"}],"wp:attachment":[{"href":"https:\/\/www.grintoura.fr\/en\/wp-json\/wp\/v2\/media?parent=10954"}],"wp:term":[{"taxonomy":"product_cat","embeddable":true,"href":"https:\/\/www.grintoura.fr\/en\/wp-json\/wp\/v2\/product_cat?post=10954"},{"taxonomy":"product_tag","embeddable":true,"href":"https:\/\/www.grintoura.fr\/en\/wp-json\/wp\/v2\/product_tag?post=10954"}],"curies":[{"name":"wp","href":"https:\/\/api.w.org\/{rel}","templated":true}]}}