	
	
	
	
{"id":10318,"date":"2024-07-01T07:29:25","date_gmt":"2024-07-01T05:29:25","guid":{"rendered":"https:\/\/www.grintoura.fr\/product\/bouxwiller\/"},"modified":"2024-07-01T07:29:25","modified_gmt":"2024-07-01T05:29:25","slug":"bouxwiller","status":"publish","type":"product","link":"https:\/\/www.grintoura.fr\/en\/product\/bouxwiller\/","title":{"rendered":"Bouxwiller"},"content":{"rendered":"<p>Mairie de Bouxwiller<br \/>\n1 place du Ch\u00e2teau<br \/>\n67330 Bouxwiller<\/p>\n<p>T\u00e9l\u00e9phone : 03 88 70 70 16<br \/>\nT\u00e9l\u00e9copie : 03 88 71 30 34<\/p>\n<p><a href=\"https:\/\/bouxwiller.eu\" target=\"_blank\" rel=\"noopener\">https:\/\/bouxwiller.eu<\/a><\/p>\n<p><a href=\"https:\/\/www.facebook.com\/mairiedebouxwiller67\/\" target=\"_blank\" rel=\"noopener\">https:\/\/www.facebook.com\/mairiedebouxwiller67\/<\/a><\/p>\n<p>&nbsp;<\/p>\n<p><strong>Petites Cit\u00e9s de Caract\u00e8re\u00ae<\/strong><\/p>\n<p>Bouxwiller est la premi\u00e8re commune en Alsace \u00e0 avoir obtenu le label.<\/p>\n<p>Le concept de Petites Cit\u00e9s de Caract\u00e8re\u00ae est n\u00e9 au milieu des ann\u00e9es 70 pour valoriser des communes atypiques. De communes \u00e0 la fois rurales par leur implantation, leur population limit\u00e9e, et urbaines par leur histoire et leur patrimoine. Ces villes, autrefois centres administratifs, politiques, religieux, commerciaux ou encore militaires ont souvent vu leurs fonctions urbaines se r\u00e9duire apr\u00e8s les r\u00e9volutions administratives et industrielles de la France. Elles ont perdu une grande partie de leurs fonctions urbaines, et se sont retrouv\u00e9es sans la population et les moyens financiers pour entretenir cet h\u00e9ritage. Le projet de la marque est de f\u00e9d\u00e9rer les diff\u00e9rents acteurs autour d\u2019un objectif commun : la sauvegarde du patrimoine comme levier de d\u00e9veloppement des territoires. L\u2019action du r\u00e9seau Petites Cit\u00e9s de Caract\u00e8re\u00ae est d\u2019abord d\u2019accompagner des \u00e9lus qui souhaitent concilier le d\u00e9veloppement de leur commune dans le respect du patrimoine.<\/p>\n<p><a href=\"https:\/\/bouxwiller.eu\/petites-cites-de-caractere\/\" target=\"_blank\" rel=\"noopener\">https:\/\/bouxwiller.eu\/petites-cites-de-caractere\/<\/a><\/p>\n<p>&nbsp;<\/p>\n<p><strong>R\u00e9serve naturelle r\u00e9gionale du Bastberg<\/strong><\/p>\n<p><a href=\"https:\/\/bouxwiller.eu\/reserve-naturelle-regionale-bastberg-bouxwiller\/\" target=\"_blank\" rel=\"noopener\">https:\/\/bouxwiller.eu\/reserve-naturelle-regionale-bastberg-bouxwiller\/<\/a><\/p>\n<p><em>Une r\u00e9serve naturelle r\u00e9gionale<\/em><br \/>\nLa colline du Bastberg, observatoire unique culminant \u00e0 326 m et offrant un panorama de 360\u00b0 sur les Vosges du Nord et sur la plaine d\u2019Alsace, est connue pour la richesse g\u00e9ologique de son sol calcaire, pour sa faune et sa flore exceptionnelles et pour sa renomm\u00e9e de colline des sorci\u00e8res, \u00e0 l\u2019origine de nombreuses l\u00e9gendes. Trois sentiers th\u00e9matiques (g\u00e9ologie, nature et patrimoine) permettent de d\u00e9couvrir les richesses naturelles de ce site unique.<\/p>\n<p><strong>Trois sentiers de d\u00e9couvertes du Bastberg<\/strong> permettent aux visiteurs de s\u2019oxyg\u00e9ner tout en s\u2019informant dans les domaines de la g\u00e9ologie, de l\u2019environnement et du patrimoine. Parcourez-le \u00e0 l\u2019aide du d\u00e9pliant Sentiers de D\u00e9couvertes du Bastberg disponible en mairie. \u00a0<a href=\"https:\/\/bouxwiller.eu\/wp-content\/uploads\/2015\/03\/Sentiers-de-d\u00e9couvertes-du-Bastberg.pdf\" target=\"_blank\" rel=\"noopener\">https:\/\/bouxwiller.eu\/wp-content\/uploads\/2015\/03\/Sentiers-de-d\u00e9couvertes-du-Bastberg.pdf<\/a><\/p>\n<p>&nbsp;<\/p>\n<p><a href=\"https:\/\/reserves-naturelles.org\/reserves\/colline-du-bastberg-a-bouxwiller\/\" target=\"_blank\" rel=\"noopener\">https:\/\/reserves-naturelles.org\/reserves\/colline-du-bastberg-a-bouxwiller\/<\/a><\/p>\n<p>Le Bastberg, promontoire calcaire chaud et sec de 326 m d&rsquo;altitude, constitue un mod\u00e8le unique de colline aride dans un environnement plus frais. Il est d\u00e9marqu\u00e9 des autres collines calcaires du pi\u00e9mont vosgien, dont il constitue le bastion le plus nordique.<\/p>\n<p>Le substrat filtrant, le sol peu \u00e9pais et une pluviom\u00e9trie att\u00e9nu\u00e9e par l&rsquo;\u00e9cran des Vosges sont responsables de l&rsquo;aridit\u00e9 du milieu naturel et d\u00e9terminent le d\u00e9veloppement d&rsquo;une biodiversit\u00e9 des milieux calcaires secs. Les pelouses s\u00e8ches constituent le principal habitat naturel du site. Leur existence r\u00e9sulte des activit\u00e9s traditionnelles de fauche et de p\u00e2turage qui s&rsquo;y sont d\u00e9roul\u00e9es jadis, puis de la gestion conservatoire mise en \u0153uvre depuis les ann\u00e9es 1980.<\/p>\n<p>La pelouse qui occupe son sommet, ponctu\u00e9e d&rsquo;arbustes thermophiles (\u00e9pine-vinette, viorne lantane) et d&rsquo;affleurements rocheux, en fait un site particuli\u00e8rement favorable \u00e0 des combinaisons de plantes rares qui appr\u00e9cient les sols pauvres. Des esp\u00e8ces m\u00e9ridionales d&rsquo;insectes y trouvent leur limite nord de r\u00e9partition : cinq cents esp\u00e8ces ont \u00e9t\u00e9 recens\u00e9es sur le site, dont plusieurs papillons de la liste rouge r\u00e9gionale.<\/p>\n<p>&nbsp;<\/p>\n<p>&nbsp;<\/p>\n<p><strong>Circuit de D\u00e9couverte Historique : \u00ab\u00a0Bouxwiller, entre histoire et l\u00e9gende\u00a0\u00bb<\/strong><\/p>\n<p>Actuelle capitale du Pays de Hanau, Bouxwiller fut jadis le centre administratif du comt\u00e9 de Hanau-Lichtenberg.<\/p>\n<p>C\u2019est une des plus belles villes d\u2019Alsace du Nord connue pour ses tr\u00e9sors architecturaux et historiques. Elle a su garder son charme d\u2019antan avec ses maisons \u00e0 colombage, ses oriels remarquables, ses ruelles aux d\u00e9tours desquelles se cachent plus d\u2019une curiosit\u00e9. Autour de la place du Ch\u00e2teau, on peut encore admirer les b\u00e2timents qui autrefois faisaient partie de la cour seigneuriale.<\/p>\n<p>Toutes ces d\u00e9couvertes, vous pouvez les faire \u00e0 l\u2019aide du <a href=\"https:\/\/bouxwiller.eu\/wp-content\/uploads\/2014\/08\/circuit_historique.pdf\" target=\"_blank\" rel=\"noopener\">https:\/\/bouxwiller.eu\/wp-content\/uploads\/2014\/08\/circuit_historique.pdf<\/a>\u00a0qui comprend 21 \u00e9tapes, il est \u00e9galement disponible en mairie.<\/p>\n<p>&nbsp;<\/p>\n<p><strong>Circuits de d\u00e9couvertes du Mus\u00e9e du Pays de Hanau<\/strong><br \/>\nLe Mus\u00e9e du Pays de Hanau vous propose de prolonger sa visite avec\u00a06 circuits de d\u00e9couvertes qui sont \u00e0 votre disposition gratuitement \u00e0 l\u2019accueil du Mus\u00e9e. Ils vous permettront d\u2019approfondir les th\u00e8mes du Mus\u00e9e, de parcourir le territoire et de d\u00e9couvrir ses richesses :<\/p>\n<p><a href=\"http:\/\/www.museedupaysdehanau.eu\/informations-touristiques\/\" target=\"_blank\" rel=\"noopener\">http:\/\/www.museedupaysdehanau.eu\/informations-touristiques\/<\/a><\/p>\n<p>&nbsp;<\/p>\n<p><strong>Circuit \u2013 Stolpersteine, pav\u00e9s de la m\u00e9moire<\/strong><\/p>\n<p>Il existe 8 pierres de m\u00e9moire mises en place \u00e0 Bouxwiller en 2021.<br \/>\nLe concept des Stolpersteine a \u00e9t\u00e9 invent\u00e9 par l\u2019artiste allemand Gunter Demnig, qui a fait de nombreuses recherches sur les personnes ayant \u00e9t\u00e9 pers\u00e9cut\u00e9es, pourchass\u00e9es et d\u00e9port\u00e9es durant la p\u00e9riode nazie.<\/p>\n<p><a href=\"https:\/\/bouxwiller.eu\/wp-content\/uploads\/2021\/06\/2021_Plan-Stolpersteine-Bouxwiller.pdf\" target=\"_blank\" rel=\"noopener\">https:\/\/bouxwiller.eu\/wp-content\/uploads\/2021\/06\/2021_Plan-Stolpersteine-Bouxwiller.pdf<\/a><\/p>\n<p>&nbsp;<\/p>\n<p>&nbsp;<\/p>","protected":false},"excerpt":{"rendered":"<p>Mairie de Bouxwiller 1 place du Ch\u00e2teau 67330 Bouxwiller T\u00e9l\u00e9phone : 03 88 70 70 16 T\u00e9l\u00e9copie : 03 88 71 30 34 https:\/\/bouxwiller.eu https:\/\/www.facebook.com\/mairiedebouxwiller67\/ &nbsp; Petites Cit\u00e9s de Caract\u00e8re\u00ae Bouxwiller est la premi\u00e8re commune en Alsace \u00e0 avoir obtenu le label. Le concept de Petites Cit\u00e9s de Caract\u00e8re\u00ae est n\u00e9 au milieu des ann\u00e9es [&hellip;]<\/p>","protected":false},"featured_media":0,"template":"","meta":[],"product_cat":[21],"product_tag":[],"_links":{"self":[{"href":"https:\/\/www.grintoura.fr\/en\/wp-json\/wp\/v2\/product\/10318"}],"collection":[{"href":"https:\/\/www.grintoura.fr\/en\/wp-json\/wp\/v2\/product"}],"about":[{"href":"https:\/\/www.grintoura.fr\/en\/wp-json\/wp\/v2\/types\/product"}],"wp:attachment":[{"href":"https:\/\/www.grintoura.fr\/en\/wp-json\/wp\/v2\/media?parent=10318"}],"wp:term":[{"taxonomy":"product_cat","embeddable":true,"href":"https:\/\/www.grintoura.fr\/en\/wp-json\/wp\/v2\/product_cat?post=10318"},{"taxonomy":"product_tag","embeddable":true,"href":"https:\/\/www.grintoura.fr\/en\/wp-json\/wp\/v2\/product_tag?post=10318"}],"curies":[{"name":"wp","href":"https:\/\/api.w.org\/{rel}","templated":true}]}}